{"id":106,"date":"2019-06-10T19:44:22","date_gmt":"2019-06-10T18:44:22","guid":{"rendered":"http:\/\/shop.ireneroga.com\/shop\/?post_type=product&#038;p=106"},"modified":"2024-08-24T12:31:31","modified_gmt":"2024-08-24T11:31:31","slug":"postal-andromeda","status":"publish","type":"product","link":"https:\/\/ireneroga.com\/shop\/producto\/postal-andromeda\/","title":{"rendered":"Postal Andr\u00f3meda"},"content":{"rendered":"","protected":false},"excerpt":{"rendered":"<p>Postal en papel de alta calidad de 350gr con ilustraci\u00f3n de mi versi\u00f3n medieval de Andr\u00f3meda, un personaje inventado inspirado en el universo de Saint Seiya.<br \/>\nTama\u00f1o 10x15cm.<\/p>\n<p>\/\/\/\/<\/p>\n<p>Postcard on 350gr high quality paper with an illustration of my version of a medieval Andromeda, an invented character inspired on the universe of Saint Seiya.<br \/>\nSize 3,9&#8243; x 5,9&#8243; aproximately.<\/p>\n","protected":false},"featured_media":109,"comment_status":"open","ping_status":"closed","template":"","meta":[],"product_brand":[],"product_cat":[34],"product_tag":[33,21,38,39,36],"class_list":{"0":"post-106","1":"product","2":"type-product","3":"status-publish","4":"has-post-thumbnail","6":"product_cat-prints","7":"product_tag-color","8":"product_tag-dibujos","9":"product_tag-oc","10":"product_tag-postal","11":"product_tag-print","12":"product_shipping_class-ligero","14":"first","15":"instock","16":"purchasable","17":"product-type-simple"},"jetpack_sharing_enabled":true,"_links":{"self":[{"href":"https:\/\/ireneroga.com\/shop\/wp-json\/wp\/v2\/product\/106","targetHints":{"allow":["GET"]}}],"collection":[{"href":"https:\/\/ireneroga.com\/shop\/wp-json\/wp\/v2\/product"}],"about":[{"href":"https:\/\/ireneroga.com\/shop\/wp-json\/wp\/v2\/types\/product"}],"replies":[{"embeddable":true,"href":"https:\/\/ireneroga.com\/shop\/wp-json\/wp\/v2\/comments?post=106"}],"wp:featuredmedia":[{"embeddable":true,"href":"https:\/\/ireneroga.com\/shop\/wp-json\/wp\/v2\/media\/109"}],"wp:attachment":[{"href":"https:\/\/ireneroga.com\/shop\/wp-json\/wp\/v2\/media?parent=106"}],"wp:term":[{"taxonomy":"product_brand","embeddable":true,"href":"https:\/\/ireneroga.com\/shop\/wp-json\/wp\/v2\/product_brand?post=106"},{"taxonomy":"product_cat","embeddable":true,"href":"https:\/\/ireneroga.com\/shop\/wp-json\/wp\/v2\/product_cat?post=106"},{"taxonomy":"product_tag","embeddable":true,"href":"https:\/\/ireneroga.com\/shop\/wp-json\/wp\/v2\/product_tag?post=106"}],"curies":[{"name":"wp","href":"https:\/\/api.w.org\/{rel}","templated":true}]}}