{"id":192,"date":"2019-11-05T19:38:59","date_gmt":"2019-11-05T18:38:59","guid":{"rendered":"http:\/\/shop.ireneroga.com\/shop\/?post_type=product&#038;p=192"},"modified":"2021-06-12T20:55:43","modified_gmt":"2021-06-12T19:55:43","slug":"christmas-angelitos","status":"publish","type":"product","link":"https:\/\/ireneroga.com\/shop\/producto\/christmas-angelitos\/","title":{"rendered":"Christmas: Angelitos"},"content":{"rendered":"<p>#querubin #querubines #angelito #angelote #goody-goody #cherub <\/p>\n","protected":false},"excerpt":{"rendered":"<p>Tarjeta de felicitaci\u00f3n plegada en papel de alta calidad de 350gr con ilustraci\u00f3n del ni\u00f1o jes\u00fas y angelitos, en estilo infantil y kawaii. El interior se encuentra en blanco para poder escribir el mensaje navide\u00f1o.<br \/>\nTama\u00f1o 15 x 21 cm. aproximadamente (plegado).<\/p>\n<p>\/\/\/\/<\/p>\n<p>Christmas card with double side on 350gr high quality paper with an illustration of little Jesus and cherubs, with cute kawaii style. The inner sides are blank so you can write your christmas message.<br \/>\nSize 8,25&#8243; x 5,9&#8243; aproximately (plicated).<\/p>\n","protected":false},"featured_media":197,"comment_status":"open","ping_status":"closed","template":"","meta":[],"product_brand":[],"product_cat":[34],"product_tag":[45,33,41,23,39,36],"class_list":{"0":"post-192","1":"product","2":"type-product","3":"status-publish","4":"has-post-thumbnail","6":"product_cat-prints","7":"product_tag-christmas","8":"product_tag-color","9":"product_tag-fan-art","10":"product_tag-original-art","11":"product_tag-postal","12":"product_tag-print","13":"product_shipping_class-ligero","15":"first","16":"instock","17":"purchasable","18":"product-type-simple"},"jetpack_sharing_enabled":true,"_links":{"self":[{"href":"https:\/\/ireneroga.com\/shop\/wp-json\/wp\/v2\/product\/192","targetHints":{"allow":["GET"]}}],"collection":[{"href":"https:\/\/ireneroga.com\/shop\/wp-json\/wp\/v2\/product"}],"about":[{"href":"https:\/\/ireneroga.com\/shop\/wp-json\/wp\/v2\/types\/product"}],"replies":[{"embeddable":true,"href":"https:\/\/ireneroga.com\/shop\/wp-json\/wp\/v2\/comments?post=192"}],"wp:featuredmedia":[{"embeddable":true,"href":"https:\/\/ireneroga.com\/shop\/wp-json\/wp\/v2\/media\/197"}],"wp:attachment":[{"href":"https:\/\/ireneroga.com\/shop\/wp-json\/wp\/v2\/media?parent=192"}],"wp:term":[{"taxonomy":"product_brand","embeddable":true,"href":"https:\/\/ireneroga.com\/shop\/wp-json\/wp\/v2\/product_brand?post=192"},{"taxonomy":"product_cat","embeddable":true,"href":"https:\/\/ireneroga.com\/shop\/wp-json\/wp\/v2\/product_cat?post=192"},{"taxonomy":"product_tag","embeddable":true,"href":"https:\/\/ireneroga.com\/shop\/wp-json\/wp\/v2\/product_tag?post=192"}],"curies":[{"name":"wp","href":"https:\/\/api.w.org\/{rel}","templated":true}]}}