{"id":414,"date":"2020-06-07T13:02:21","date_gmt":"2020-06-07T12:02:21","guid":{"rendered":"http:\/\/shop.ireneroga.com\/shop\/?post_type=product&#038;p=414"},"modified":"2024-08-24T12:54:07","modified_gmt":"2024-08-24T11:54:07","slug":"lanzarote-y-ginebra","status":"publish","type":"product","link":"https:\/\/ireneroga.com\/shop\/producto\/lanzarote-y-ginebra\/","title":{"rendered":"Lanzarote y Ginebra"},"content":{"rendered":"","protected":false},"excerpt":{"rendered":"<p>L\u00e1mina en papel de alta calidad de 350gr con ilustraci\u00f3n de Lanzarote y Ginebra, inspirada en los libros del S.XII de Chr\u00e9tien de Troyes.<br \/>\nTama\u00f1o 15 x 21 cm.<\/p>\n<p>\/\/\/\/<\/p>\n<p><i>Postcard on 350gr high quality paper with an illustration of Lancelot and Guinevere, inspired in the books from the XII century written by Chr\u00e9tien de Troyes.<br \/>\nSize 5,9&#8243; x 8,27&#8243; aproximately.<\/i><\/p>\n","protected":false},"featured_media":415,"comment_status":"open","ping_status":"closed","template":"","meta":[],"product_brand":[],"product_cat":[34],"product_tag":[33,21,24,41,39,36],"class_list":{"0":"post-414","1":"product","2":"type-product","3":"status-publish","4":"has-post-thumbnail","6":"product_cat-prints","7":"product_tag-color","8":"product_tag-dibujos","9":"product_tag-drawing","10":"product_tag-fan-art","11":"product_tag-postal","12":"product_tag-print","13":"product_shipping_class-ligero","15":"first","16":"instock","17":"purchasable","18":"product-type-simple"},"jetpack_sharing_enabled":true,"_links":{"self":[{"href":"https:\/\/ireneroga.com\/shop\/wp-json\/wp\/v2\/product\/414","targetHints":{"allow":["GET"]}}],"collection":[{"href":"https:\/\/ireneroga.com\/shop\/wp-json\/wp\/v2\/product"}],"about":[{"href":"https:\/\/ireneroga.com\/shop\/wp-json\/wp\/v2\/types\/product"}],"replies":[{"embeddable":true,"href":"https:\/\/ireneroga.com\/shop\/wp-json\/wp\/v2\/comments?post=414"}],"wp:featuredmedia":[{"embeddable":true,"href":"https:\/\/ireneroga.com\/shop\/wp-json\/wp\/v2\/media\/415"}],"wp:attachment":[{"href":"https:\/\/ireneroga.com\/shop\/wp-json\/wp\/v2\/media?parent=414"}],"wp:term":[{"taxonomy":"product_brand","embeddable":true,"href":"https:\/\/ireneroga.com\/shop\/wp-json\/wp\/v2\/product_brand?post=414"},{"taxonomy":"product_cat","embeddable":true,"href":"https:\/\/ireneroga.com\/shop\/wp-json\/wp\/v2\/product_cat?post=414"},{"taxonomy":"product_tag","embeddable":true,"href":"https:\/\/ireneroga.com\/shop\/wp-json\/wp\/v2\/product_tag?post=414"}],"curies":[{"name":"wp","href":"https:\/\/api.w.org\/{rel}","templated":true}]}}