{"id":519,"date":"2020-11-26T19:43:51","date_gmt":"2020-11-26T18:43:51","guid":{"rendered":"http:\/\/shop.ireneroga.com\/shop\/?post_type=product&#038;p=519"},"modified":"2025-05-29T16:21:54","modified_gmt":"2025-05-29T15:21:54","slug":"sketchbook-2014-2018","status":"publish","type":"product","link":"https:\/\/ireneroga.com\/shop\/producto\/sketchbook-2014-2018\/","title":{"rendered":"Sketchbook: 2014 &#8211; 2018 [SOLD]"},"content":{"rendered":"","protected":false},"excerpt":{"rendered":"<p>En este cuaderno se recopilan dibujos y bocetos hechos en su mayor\u00eda a l\u00e1piz sobre papel, y unos pocos en digital, entre los a\u00f1os 2014 y 2018. Algunos representan personajes originales, otros son fan-arts.<br \/>\nJunto a cada dibujo encontrar\u00e1s una peque\u00f1a descripci\u00f3n del tema y los personajes.<\/p>\n<p>Son 50 p\u00e1ginas en blanco y negro y portadas a color. Tama\u00f1o A5 (15 x 21 cm).<br \/>\nImpreso en papel reciclado.<\/p>\n<p>Lo recibir\u00e1s firmado y dedicado si lo especificas en el pedido.<\/p>\n<p>\/\/\/\/<\/p>\n<p><em>A compilation of sketches and drawings done with paper, a few done digitally, between the years 2014 and 2018.<\/em><br \/>\n<em>Some are original characters and other are fan-arts. There&#8217;s a small description of each drawing to identify the theme anc characters (only in Spanish).<\/em><\/p>\n<p><em>50 pages in black and white, covers in color. A5 size (15 x 21 cm).<br \/>\nPrinted on recycled paper.<br \/>\n<\/em><\/p>\n<p><em>You&#8217;ll receive it signed with a personal dedication if you ask for it in your order.<\/em><\/p>\n","protected":false},"featured_media":520,"comment_status":"open","ping_status":"closed","template":"","meta":[],"product_brand":[],"product_cat":[56],"product_tag":[61,21,24,41,42,32,43,38,25,36,31],"class_list":{"0":"post-519","1":"product","2":"type-product","3":"status-publish","4":"has-post-thumbnail","6":"product_cat-libros","7":"product_tag-attack-on-titan","8":"product_tag-dibujos","9":"product_tag-drawing","10":"product_tag-fan-art","11":"product_tag-game-of-thrones","12":"product_tag-ink","13":"product_tag-juego-de-tronos","14":"product_tag-oc","15":"product_tag-pencil","16":"product_tag-print","17":"product_tag-tinta","18":"product_shipping_class-papel100","20":"first","21":"outofstock","22":"purchasable","23":"product-type-simple"},"jetpack_sharing_enabled":true,"_links":{"self":[{"href":"https:\/\/ireneroga.com\/shop\/wp-json\/wp\/v2\/product\/519","targetHints":{"allow":["GET"]}}],"collection":[{"href":"https:\/\/ireneroga.com\/shop\/wp-json\/wp\/v2\/product"}],"about":[{"href":"https:\/\/ireneroga.com\/shop\/wp-json\/wp\/v2\/types\/product"}],"replies":[{"embeddable":true,"href":"https:\/\/ireneroga.com\/shop\/wp-json\/wp\/v2\/comments?post=519"}],"wp:featuredmedia":[{"embeddable":true,"href":"https:\/\/ireneroga.com\/shop\/wp-json\/wp\/v2\/media\/520"}],"wp:attachment":[{"href":"https:\/\/ireneroga.com\/shop\/wp-json\/wp\/v2\/media?parent=519"}],"wp:term":[{"taxonomy":"product_brand","embeddable":true,"href":"https:\/\/ireneroga.com\/shop\/wp-json\/wp\/v2\/product_brand?post=519"},{"taxonomy":"product_cat","embeddable":true,"href":"https:\/\/ireneroga.com\/shop\/wp-json\/wp\/v2\/product_cat?post=519"},{"taxonomy":"product_tag","embeddable":true,"href":"https:\/\/ireneroga.com\/shop\/wp-json\/wp\/v2\/product_tag?post=519"}],"curies":[{"name":"wp","href":"https:\/\/api.w.org\/{rel}","templated":true}]}}