{"id":547,"date":"2020-12-13T18:30:10","date_gmt":"2020-12-13T17:30:10","guid":{"rendered":"http:\/\/shop.ireneroga.com\/shop\/?post_type=product&#038;p=547"},"modified":"2021-12-11T14:34:08","modified_gmt":"2021-12-11T13:34:08","slug":"chirstmas-rudolf-pony","status":"publish","type":"product","link":"https:\/\/ireneroga.com\/shop\/producto\/chirstmas-rudolf-pony\/","title":{"rendered":"Chirstmas: Rudolf pony"},"content":{"rendered":"","protected":false},"excerpt":{"rendered":"<p>Tarjeta navide\u00f1a con ilustraci\u00f3n de un peque\u00f1o pony con cuernecitos de reno. El interior est\u00e1 en blanco para incluir tu felicitaci\u00f3n personalizada y regalarla a quien t\u00fa quieras.<\/p>\n<p>Tama\u00f1o A5 cerrado, abierto A4.<\/p>\n<p>\/\/\/<\/p>\n<p>Christmas card with an illustration of a Rudolf pony. The inner space is blank so you can write your christmas wish and give it to the one you want.<\/p>\n<p>Size: A5 closed, open A4.<\/p>\n","protected":false},"featured_media":550,"comment_status":"open","ping_status":"closed","template":"","meta":[],"product_brand":[],"product_cat":[34],"product_tag":[45,54,68,69,39,36],"class_list":{"0":"post-547","1":"product","2":"type-product","3":"status-publish","4":"has-post-thumbnail","6":"product_cat-prints","7":"product_tag-christmas","8":"product_tag-kawaii","9":"product_tag-pony","10":"product_tag-pony-art","11":"product_tag-postal","12":"product_tag-print","13":"product_shipping_class-ligero","15":"first","16":"instock","17":"purchasable","18":"product-type-simple"},"jetpack_sharing_enabled":true,"_links":{"self":[{"href":"https:\/\/ireneroga.com\/shop\/wp-json\/wp\/v2\/product\/547","targetHints":{"allow":["GET"]}}],"collection":[{"href":"https:\/\/ireneroga.com\/shop\/wp-json\/wp\/v2\/product"}],"about":[{"href":"https:\/\/ireneroga.com\/shop\/wp-json\/wp\/v2\/types\/product"}],"replies":[{"embeddable":true,"href":"https:\/\/ireneroga.com\/shop\/wp-json\/wp\/v2\/comments?post=547"}],"wp:featuredmedia":[{"embeddable":true,"href":"https:\/\/ireneroga.com\/shop\/wp-json\/wp\/v2\/media\/550"}],"wp:attachment":[{"href":"https:\/\/ireneroga.com\/shop\/wp-json\/wp\/v2\/media?parent=547"}],"wp:term":[{"taxonomy":"product_brand","embeddable":true,"href":"https:\/\/ireneroga.com\/shop\/wp-json\/wp\/v2\/product_brand?post=547"},{"taxonomy":"product_cat","embeddable":true,"href":"https:\/\/ireneroga.com\/shop\/wp-json\/wp\/v2\/product_cat?post=547"},{"taxonomy":"product_tag","embeddable":true,"href":"https:\/\/ireneroga.com\/shop\/wp-json\/wp\/v2\/product_tag?post=547"}],"curies":[{"name":"wp","href":"https:\/\/api.w.org\/{rel}","templated":true}]}}