{"id":590,"date":"2019-05-01T00:08:35","date_gmt":"2019-04-30T23:08:35","guid":{"rendered":"https:\/\/ireneroga.com\/shop\/?post_type=product&#038;p=590"},"modified":"2023-09-05T21:12:41","modified_gmt":"2023-09-05T20:12:41","slug":"pegatinas-stickers-ponitos-estelares","status":"publish","type":"product","link":"https:\/\/ireneroga.com\/shop\/producto\/pegatinas-stickers-ponitos-estelares\/","title":{"rendered":"Pegatinas \/ Stickers &#8211; Ponitos Estelares [SOLD]"},"content":{"rendered":"","protected":false},"excerpt":{"rendered":"<p>\u2022 Mi primer set de pegatinas con ponitos de colores que he dibujado con rotuladores, l\u00e1pices y tinta.<br \/>\nEn este set se incluyen: &#8211; Solete, &#8211; Cometa, -Lunita Dormilona, y &#8211; Lluvia.<br \/>\nLos personajes son originales creados por m\u00ed.<br \/>\nLas pegatinas vienen precortadas y tambi\u00e9n tienes aparte los s\u00edmbolos y estrellitas que tambi\u00e9n puedes utilizar como stickers. Los ponitos miden entre 6cm y 7cm en su lado m\u00e1s largo.<\/p>\n<p>Tama\u00f1o total: aproximadamente 10,5 \u00d7 15,5 cm.<\/p>\n<p>\/\/\/\/<\/p>\n<p><em>\u2022 The Stellar ponies is my first stickers set, I drew them with markers, inks and pencil colors.<\/em><br \/>\n<em>In this set they&#8217;re included four ponies and also the symbols and small stars that can be used as stickers.<\/em><br \/>\n<em>The characters are created by myself.<br \/>\nThe stickers are pre-cutted so you can separate them easily, and they&#8217;re also included the symbols and tiny stars that you can use. The ponies are from 6cm to 7cm long on their longer side.<br \/>\n<\/em><br \/>\n<em>Total size: 10,5 x 15,5cm. approximately.<\/em><i><br \/>\n<\/i><\/p>\n","protected":false},"featured_media":597,"comment_status":"open","ping_status":"closed","template":"","meta":[],"product_brand":[],"product_cat":[65],"product_tag":[41,67,68,69,36,66],"class_list":{"0":"post-590","1":"product","2":"type-product","3":"status-publish","4":"has-post-thumbnail","6":"product_cat-pegatinas","7":"product_tag-fan-art","8":"product_tag-pegatinas","9":"product_tag-pony","10":"product_tag-pony-art","11":"product_tag-print","12":"product_tag-stickers","13":"product_shipping_class-ligero","15":"first","16":"outofstock","17":"purchasable","18":"product-type-simple"},"jetpack_sharing_enabled":true,"_links":{"self":[{"href":"https:\/\/ireneroga.com\/shop\/wp-json\/wp\/v2\/product\/590","targetHints":{"allow":["GET"]}}],"collection":[{"href":"https:\/\/ireneroga.com\/shop\/wp-json\/wp\/v2\/product"}],"about":[{"href":"https:\/\/ireneroga.com\/shop\/wp-json\/wp\/v2\/types\/product"}],"replies":[{"embeddable":true,"href":"https:\/\/ireneroga.com\/shop\/wp-json\/wp\/v2\/comments?post=590"}],"wp:featuredmedia":[{"embeddable":true,"href":"https:\/\/ireneroga.com\/shop\/wp-json\/wp\/v2\/media\/597"}],"wp:attachment":[{"href":"https:\/\/ireneroga.com\/shop\/wp-json\/wp\/v2\/media?parent=590"}],"wp:term":[{"taxonomy":"product_brand","embeddable":true,"href":"https:\/\/ireneroga.com\/shop\/wp-json\/wp\/v2\/product_brand?post=590"},{"taxonomy":"product_cat","embeddable":true,"href":"https:\/\/ireneroga.com\/shop\/wp-json\/wp\/v2\/product_cat?post=590"},{"taxonomy":"product_tag","embeddable":true,"href":"https:\/\/ireneroga.com\/shop\/wp-json\/wp\/v2\/product_tag?post=590"}],"curies":[{"name":"wp","href":"https:\/\/api.w.org\/{rel}","templated":true}]}}