{"id":612,"date":"2021-06-12T20:13:22","date_gmt":"2021-06-12T19:13:22","guid":{"rendered":"https:\/\/ireneroga.com\/shop\/?post_type=product&#038;p=612"},"modified":"2024-03-01T02:48:49","modified_gmt":"2024-03-01T01:48:49","slug":"pegatinas-pajaritos-birdtober","status":"publish","type":"product","link":"https:\/\/ireneroga.com\/shop\/producto\/pegatinas-pajaritos-birdtober\/","title":{"rendered":"Pegatinas \/ Stickers: Pajaritos Birdtober"},"content":{"rendered":"","protected":false},"excerpt":{"rendered":"<p>\u2022 Colecci\u00f3n de pegatinas con cinco de los p\u00e1jaros m\u00e1s populares de mi libro <a href=\"https:\/\/ireneroga.com\/shop\/producto\/birdtober\/\" target=\"_blank\" rel=\"noopener\">Birdtober<\/a>.<br \/>\nTama\u00f1o: aproximadamente 21\u00d713,5 cm. (A5).<\/p>\n<p>\/\/\/\/<\/p>\n<p>\u2022 <i>Sticker set with some of the most popular birds from my book <a href=\"https:\/\/ireneroga.com\/shop\/producto\/birdtober\/\" target=\"_blank\" rel=\"noopener\">Birdtober<\/a>.<br \/>\nSize: 21 x 13,5cm. approximately (A5).<br \/>\n<\/i><\/p>\n","protected":false},"featured_media":613,"comment_status":"open","ping_status":"closed","template":"","meta":[],"product_brand":[],"product_cat":[47,65],"product_tag":[46,33,67,66,44],"class_list":{"0":"post-612","1":"product","2":"type-product","3":"status-publish","4":"has-post-thumbnail","6":"product_cat-birdtober","7":"product_cat-pegatinas","8":"product_tag-birdtober","9":"product_tag-color","10":"product_tag-pegatinas","11":"product_tag-stickers","12":"product_tag-watercolors","13":"product_shipping_class-ligero","15":"first","16":"instock","17":"purchasable","18":"product-type-simple"},"jetpack_sharing_enabled":true,"_links":{"self":[{"href":"https:\/\/ireneroga.com\/shop\/wp-json\/wp\/v2\/product\/612","targetHints":{"allow":["GET"]}}],"collection":[{"href":"https:\/\/ireneroga.com\/shop\/wp-json\/wp\/v2\/product"}],"about":[{"href":"https:\/\/ireneroga.com\/shop\/wp-json\/wp\/v2\/types\/product"}],"replies":[{"embeddable":true,"href":"https:\/\/ireneroga.com\/shop\/wp-json\/wp\/v2\/comments?post=612"}],"wp:featuredmedia":[{"embeddable":true,"href":"https:\/\/ireneroga.com\/shop\/wp-json\/wp\/v2\/media\/613"}],"wp:attachment":[{"href":"https:\/\/ireneroga.com\/shop\/wp-json\/wp\/v2\/media?parent=612"}],"wp:term":[{"taxonomy":"product_brand","embeddable":true,"href":"https:\/\/ireneroga.com\/shop\/wp-json\/wp\/v2\/product_brand?post=612"},{"taxonomy":"product_cat","embeddable":true,"href":"https:\/\/ireneroga.com\/shop\/wp-json\/wp\/v2\/product_cat?post=612"},{"taxonomy":"product_tag","embeddable":true,"href":"https:\/\/ireneroga.com\/shop\/wp-json\/wp\/v2\/product_tag?post=612"}],"curies":[{"name":"wp","href":"https:\/\/api.w.org\/{rel}","templated":true}]}}