{"id":640,"date":"2021-08-31T21:01:09","date_gmt":"2021-08-31T20:01:09","guid":{"rendered":"https:\/\/ireneroga.com\/shop\/?post_type=product&#038;p=640"},"modified":"2025-05-22T15:52:53","modified_gmt":"2025-05-22T14:52:53","slug":"pegatinas-stickers-feathers","status":"publish","type":"product","link":"https:\/\/ireneroga.com\/shop\/producto\/pegatinas-stickers-feathers\/","title":{"rendered":"Pegatinas \/ Stickers : Feathers"},"content":{"rendered":"","protected":false},"excerpt":{"rendered":"<p>\u2022 Colecci\u00f3n de pegatinas de plumas precortadas para su f\u00e1cil utilizaci\u00f3n.<br \/>\nOriginalmente dibujadas con rotuladores sobre papel<br \/>\nTama\u00f1o: aproximadamente 21\u00d713,5 cm. (A5).<\/p>\n<p>\/\/\/\/<\/p>\n<p>\u2022 <i>Sticker set with feathers, they&#8217;re pre-cut for an easy use.<br \/>\nThey was originally drawn with markers on paper.<br \/>\nSize: 21 x 13,5cm. approximately (A5).<\/i><\/p>\n","protected":false},"featured_media":643,"comment_status":"open","ping_status":"closed","template":"","meta":[],"product_brand":[],"product_cat":[65],"product_tag":[33,21,24,54,67,36,66],"class_list":{"0":"post-640","1":"product","2":"type-product","3":"status-publish","4":"has-post-thumbnail","6":"product_cat-pegatinas","7":"product_tag-color","8":"product_tag-dibujos","9":"product_tag-drawing","10":"product_tag-kawaii","11":"product_tag-pegatinas","12":"product_tag-print","13":"product_tag-stickers","14":"product_shipping_class-ligero","16":"first","17":"instock","18":"purchasable","19":"product-type-simple"},"jetpack_sharing_enabled":true,"_links":{"self":[{"href":"https:\/\/ireneroga.com\/shop\/wp-json\/wp\/v2\/product\/640","targetHints":{"allow":["GET"]}}],"collection":[{"href":"https:\/\/ireneroga.com\/shop\/wp-json\/wp\/v2\/product"}],"about":[{"href":"https:\/\/ireneroga.com\/shop\/wp-json\/wp\/v2\/types\/product"}],"replies":[{"embeddable":true,"href":"https:\/\/ireneroga.com\/shop\/wp-json\/wp\/v2\/comments?post=640"}],"wp:featuredmedia":[{"embeddable":true,"href":"https:\/\/ireneroga.com\/shop\/wp-json\/wp\/v2\/media\/643"}],"wp:attachment":[{"href":"https:\/\/ireneroga.com\/shop\/wp-json\/wp\/v2\/media?parent=640"}],"wp:term":[{"taxonomy":"product_brand","embeddable":true,"href":"https:\/\/ireneroga.com\/shop\/wp-json\/wp\/v2\/product_brand?post=640"},{"taxonomy":"product_cat","embeddable":true,"href":"https:\/\/ireneroga.com\/shop\/wp-json\/wp\/v2\/product_cat?post=640"},{"taxonomy":"product_tag","embeddable":true,"href":"https:\/\/ireneroga.com\/shop\/wp-json\/wp\/v2\/product_tag?post=640"}],"curies":[{"name":"wp","href":"https:\/\/api.w.org\/{rel}","templated":true}]}}