{"id":741,"date":"2022-12-26T15:20:41","date_gmt":"2022-12-26T14:20:41","guid":{"rendered":"https:\/\/ireneroga.com\/shop\/?post_type=product&#038;p=741"},"modified":"2025-05-25T22:23:40","modified_gmt":"2025-05-25T21:23:40","slug":"laminas-prints-piggy-ponitos-final-set","status":"publish","type":"product","link":"https:\/\/ireneroga.com\/shop\/producto\/laminas-prints-piggy-ponitos-final-set\/","title":{"rendered":"L\u00e1minas \/ Prints : Piggy Ponitos \u2013 final set"},"content":{"rendered":"","protected":false},"excerpt":{"rendered":"<div class=\"woocommerce-product-details__short-description\">\n<p>\u00daltimas unidades de las l\u00e1minas de los ponitos \u2665<br \/>\nEst\u00e1n impresas en papel mate y suave de 300gr. Nota: Menta est\u00e1 impreso en un papel un poco m\u00e1s fino que las otras l\u00e1minas.<br \/>\nLos dibujos est\u00e1n hechos originalmente con rotuladores, tinta y l\u00e1pices de colores.<br \/>\nTama\u00f1o: 20,5 x 14,3cm<br \/>\n<strong>Las l\u00e1minas se venden por separado o en lote. \u00a1Elige tus favoritas!<\/strong><\/p>\n<p>\/\/\/\/\/\/\/\/<\/p>\n<p>Last units of the piggy ponitos prints! \u2665<br \/>\nThey\u2019re printed on 300gr. soft paper. Note: Minty is printed on a slightly thinner paper.<br \/>\nThe drawing was done originally with markers, inks and coloured pencils.<br \/>\nSize: 8\u2033 x 5\u2033<br \/>\n<strong>You can buy the prints separatelly or the lot of 6. Choose your favourites!<\/strong><\/p>\n<\/div>\n","protected":false},"featured_media":684,"comment_status":"open","ping_status":"closed","template":"","meta":[],"product_brand":[],"product_cat":[34],"product_tag":[33,21,24,41,68,69,36],"class_list":{"0":"post-741","1":"product","2":"type-product","3":"status-publish","4":"has-post-thumbnail","6":"product_cat-prints","7":"product_tag-color","8":"product_tag-dibujos","9":"product_tag-drawing","10":"product_tag-fan-art","11":"product_tag-pony","12":"product_tag-pony-art","13":"product_tag-print","14":"product_shipping_class-papel100","16":"first","17":"instock","18":"purchasable","19":"product-type-variable","20":"has-default-attributes"},"jetpack_sharing_enabled":true,"_links":{"self":[{"href":"https:\/\/ireneroga.com\/shop\/wp-json\/wp\/v2\/product\/741","targetHints":{"allow":["GET"]}}],"collection":[{"href":"https:\/\/ireneroga.com\/shop\/wp-json\/wp\/v2\/product"}],"about":[{"href":"https:\/\/ireneroga.com\/shop\/wp-json\/wp\/v2\/types\/product"}],"replies":[{"embeddable":true,"href":"https:\/\/ireneroga.com\/shop\/wp-json\/wp\/v2\/comments?post=741"}],"wp:featuredmedia":[{"embeddable":true,"href":"https:\/\/ireneroga.com\/shop\/wp-json\/wp\/v2\/media\/684"}],"wp:attachment":[{"href":"https:\/\/ireneroga.com\/shop\/wp-json\/wp\/v2\/media?parent=741"}],"wp:term":[{"taxonomy":"product_brand","embeddable":true,"href":"https:\/\/ireneroga.com\/shop\/wp-json\/wp\/v2\/product_brand?post=741"},{"taxonomy":"product_cat","embeddable":true,"href":"https:\/\/ireneroga.com\/shop\/wp-json\/wp\/v2\/product_cat?post=741"},{"taxonomy":"product_tag","embeddable":true,"href":"https:\/\/ireneroga.com\/shop\/wp-json\/wp\/v2\/product_tag?post=741"}],"curies":[{"name":"wp","href":"https:\/\/api.w.org\/{rel}","templated":true}]}}