{"id":87,"date":"2019-06-09T18:18:05","date_gmt":"2019-06-09T17:18:05","guid":{"rendered":"http:\/\/shop.ireneroga.com\/shop\/?post_type=product&#038;p=87"},"modified":"2021-09-05T22:00:15","modified_gmt":"2021-09-05T21:00:15","slug":"marcapaginas-lobato","status":"publish","type":"product","link":"https:\/\/ireneroga.com\/shop\/producto\/marcapaginas-lobato\/","title":{"rendered":"Marcap\u00e1ginas Lobato"},"content":{"rendered":"","protected":false},"excerpt":{"rendered":"<p>Lote de dos marcap\u00e1ginas: Lobato y Cl\u00edo, personajes de mi webc\u00f3mic K\u00fdriade.<br \/>\nCopia sobre papel de alta calidad del dibujo original realizado con rotuladores sobre papel reciclado.<br \/>\nTama\u00f1o: 5&#215;21 cm.<\/p>\n<p>\/\/\/\/<\/p>\n<p>Lot of two bookmarks: Wolfling and Clio, characters from my webcomic K\u00fdriade.<br \/>\nIt&#8217;s a copy on high quality soft paper from an original drawing done with markers on recycled paper.<br \/>\nSize: 5&#215;21 cm.<\/p>\n","protected":false},"featured_media":88,"comment_status":"open","ping_status":"closed","template":"","meta":[],"product_brand":[],"product_cat":[60],"product_tag":[33,37,35,38,36],"class_list":{"0":"post-87","1":"product","2":"type-product","3":"status-publish","4":"has-post-thumbnail","6":"product_cat-marcapaginas","7":"product_tag-color","8":"product_tag-kyriade","9":"product_tag-marcapaginas","10":"product_tag-oc","11":"product_tag-print","12":"product_shipping_class-ligero","14":"first","15":"instock","16":"purchasable","17":"product-type-simple"},"jetpack_sharing_enabled":true,"_links":{"self":[{"href":"https:\/\/ireneroga.com\/shop\/wp-json\/wp\/v2\/product\/87","targetHints":{"allow":["GET"]}}],"collection":[{"href":"https:\/\/ireneroga.com\/shop\/wp-json\/wp\/v2\/product"}],"about":[{"href":"https:\/\/ireneroga.com\/shop\/wp-json\/wp\/v2\/types\/product"}],"replies":[{"embeddable":true,"href":"https:\/\/ireneroga.com\/shop\/wp-json\/wp\/v2\/comments?post=87"}],"wp:featuredmedia":[{"embeddable":true,"href":"https:\/\/ireneroga.com\/shop\/wp-json\/wp\/v2\/media\/88"}],"wp:attachment":[{"href":"https:\/\/ireneroga.com\/shop\/wp-json\/wp\/v2\/media?parent=87"}],"wp:term":[{"taxonomy":"product_brand","embeddable":true,"href":"https:\/\/ireneroga.com\/shop\/wp-json\/wp\/v2\/product_brand?post=87"},{"taxonomy":"product_cat","embeddable":true,"href":"https:\/\/ireneroga.com\/shop\/wp-json\/wp\/v2\/product_cat?post=87"},{"taxonomy":"product_tag","embeddable":true,"href":"https:\/\/ireneroga.com\/shop\/wp-json\/wp\/v2\/product_tag?post=87"}],"curies":[{"name":"wp","href":"https:\/\/api.w.org\/{rel}","templated":true}]}}