{"id":96,"date":"2019-06-09T19:28:54","date_gmt":"2019-06-09T19:28:54","guid":{"rendered":"http:\/\/shop.ireneroga.com\/shop\/?post_type=product&#038;p=96"},"modified":"2023-03-29T11:33:21","modified_gmt":"2023-03-29T10:33:21","slug":"postal-pollitos-ii","status":"publish","type":"product","link":"https:\/\/ireneroga.com\/shop\/producto\/postal-pollitos-ii\/","title":{"rendered":"Postal pollitos II"},"content":{"rendered":"","protected":false},"excerpt":{"rendered":"<p>Impresi\u00f3n a color de alta calidad sobre papel mate de 350 gramos.<br \/>\nSeg\u00fan un juego de Twitter, dibuj\u00e9 tantos pollitos como veces se retuite\u00f3 la imagen de mi personaje, \u00a1m\u00e1s de 200 pollitos!<br \/>\nLos ni\u00f1os de la ilustraci\u00f3n son personajes originales de mi c\u00f3mic K\u00fdriade.<\/p>\n<p>Te la env\u00edo firmada y dedicada por la cara trasera si as\u00ed lo indicas en tu pedido (dime el nombre a quien quieres que vaya dedicado).<\/p>\n<p>\/\/\/\/<\/p>\n<p>Postard printed on 300gr hight quality mate paper, with the original characters of my webcomic K\u00fdriade.<br \/>\nThe drawing was done with pencil and colored digitally.<br \/>\nFollowing a game on Twitter, I had to draw as many chicks as the image of my character was retweeted, more than 200 chicks!<\/p>\n<p>I send it signed if you ask for it in your purchase (Please specify the name of the person for the dedication).<br \/>\nSize: 8\u2033 x 5\u2033.<\/p>\n","protected":false},"featured_media":646,"comment_status":"open","ping_status":"closed","template":"","meta":[],"product_brand":[],"product_cat":[34],"product_tag":[33,37,38,39,36],"class_list":{"0":"post-96","1":"product","2":"type-product","3":"status-publish","4":"has-post-thumbnail","6":"product_cat-prints","7":"product_tag-color","8":"product_tag-kyriade","9":"product_tag-oc","10":"product_tag-postal","11":"product_tag-print","12":"product_shipping_class-ligero","14":"first","15":"instock","16":"purchasable","17":"product-type-simple"},"jetpack_sharing_enabled":true,"_links":{"self":[{"href":"https:\/\/ireneroga.com\/shop\/wp-json\/wp\/v2\/product\/96","targetHints":{"allow":["GET"]}}],"collection":[{"href":"https:\/\/ireneroga.com\/shop\/wp-json\/wp\/v2\/product"}],"about":[{"href":"https:\/\/ireneroga.com\/shop\/wp-json\/wp\/v2\/types\/product"}],"replies":[{"embeddable":true,"href":"https:\/\/ireneroga.com\/shop\/wp-json\/wp\/v2\/comments?post=96"}],"wp:featuredmedia":[{"embeddable":true,"href":"https:\/\/ireneroga.com\/shop\/wp-json\/wp\/v2\/media\/646"}],"wp:attachment":[{"href":"https:\/\/ireneroga.com\/shop\/wp-json\/wp\/v2\/media?parent=96"}],"wp:term":[{"taxonomy":"product_brand","embeddable":true,"href":"https:\/\/ireneroga.com\/shop\/wp-json\/wp\/v2\/product_brand?post=96"},{"taxonomy":"product_cat","embeddable":true,"href":"https:\/\/ireneroga.com\/shop\/wp-json\/wp\/v2\/product_cat?post=96"},{"taxonomy":"product_tag","embeddable":true,"href":"https:\/\/ireneroga.com\/shop\/wp-json\/wp\/v2\/product_tag?post=96"}],"curies":[{"name":"wp","href":"https:\/\/api.w.org\/{rel}","templated":true}]}}